{"id":205,"date":"2026-02-05T13:43:32","date_gmt":"2026-02-05T13:43:32","guid":{"rendered":"https:\/\/villaverdi.at\/?page_id=205"},"modified":"2026-02-05T13:44:19","modified_gmt":"2026-02-05T13:44:19","slug":"impressum","status":"publish","type":"page","link":"https:\/\/villaverdi.at\/en\/impressum\/","title":{"rendered":"Legal Notice"},"content":{"rendered":"<div data-elementor-type=\"wp-page\" data-elementor-id=\"205\" class=\"elementor elementor-205\" data-elementor-post-type=\"page\">\n\t\t\t\t<div class=\"elementor-element elementor-element-d9d3e17 e-flex e-con-boxed e-con e-parent\" data-id=\"d9d3e17\" data-element_type=\"container\" data-e-type=\"container\">\n\t\t\t\t\t<div class=\"e-con-inner\">\n\t\t\t\t<div class=\"elementor-element elementor-element-c32fb0e elementor-widget elementor-widget-html\" data-id=\"c32fb0e\" data-element_type=\"widget\" data-e-type=\"widget\" data-widget_type=\"html.default\">\n\t\t\t\t\t<h4>Legal Notice<\/h4><p><b>Informationen und Offenlegung gem\u00e4\u00df &sect;5 (1) ECG, &sect; 25 MedienG, &sect; 63 GewO und &sect; 14 UGB<\/b><\/p><p><b>Webseitenbetreiber:<\/b> LA Life Art Royal GmbH<br> <b>Firmenbuchnummer:<\/b> FN602558s <br> <b>Firmenbuchgericht: <\/b> HG Liezen<\/p>\n<p><b>Anschrift:<\/b> Fischerndorf 188\/1, 8992 Altaussee<\/p>\n<p><b>UID-Nr:<\/b> ATU79311745 <br> <b>Gewerbeaufsichtbeh\u00f6rde:<\/b> BH Liezen <br> <b>Mitgliedschaften: <\/b><\/p>\n<p><b>Kontaktdaten:<\/b> <br> Telefon: +43 660 221 44 52 <br> Email: info@life-art.at <br> Fax:<\/p>\n\n<p><b>Anwendbare Rechtsvorschrift:<\/b> www.ris.bka.gv.at <br> <b>Berufsbezeichnung:<\/b> <\/p>\n<p><b>Online Streitbeilegung:<\/b> Verbraucher, welche in \u00d6sterreich oder in einem sonstigen Vertragsstaat der ODR-VO niedergelassen sind, haben die M\u00f6glichkeit Probleme bez\u00fcglich dem entgeltlichen Kauf von Waren oder Dienstleistungen im Rahmen einer Online-Streitbeilegung (nach OS, AStG) zu l\u00f6sen. Die Europa\u0308ische Kommission stellt eine Plattform hierf\u00fcr bereit: https:\/\/ec.europa.eu\/consumers\/odr<\/p>\n<p><b>Urheberrecht:<\/b> Die Inhalte dieser Webseite unterliegen, soweit dies rechtlich m\u00f6glich ist, diversen Schutzrechten (z.B dem Urheberrecht). Jegliche Verwendung\/Verbreitung von bereitgestelltem Material, welche urheberrechtlich untersagt ist, bedarf schriftlicher Zustimmung des Webseitenbetreibers.<\/p><p><b>Haftungsausschluss:<\/b> Trotz sorgf\u00e4ltiger inhaltlicher Kontrolle \u00fcbernimmt der Webseitenbetreiber dieser Webseite keine Haftung f\u00fcr die Inhalte externer Links. F\u00fcr den Inhalt der verlinkten Seiten sind ausschlie\u00dflich deren Betreiber verantwortlich. Sollten Sie dennoch auf ausgehende Links aufmerksam werden, welche auf eine Webseite mit rechtswidriger T\u00e4tigkeit\/Information verweisen, ersuchen wir um dementsprechenden Hinweis, um diese nach \u00a7 17 Abs. 2 ECG umgehend zu entfernen.<br>Die Urheberrechte Dritter werden vom Betreiber dieser Webseite mit gr\u00f6\u00dfter Sorgfalt beachtet. Sollten Sie trotzdem auf eine Urheberrechtsverletzung aufmerksam werden, bitten wir um einen entsprechenden Hinweis. Bei Bekanntwerden derartiger Rechtsverletzungen werden wir den betroffenen Inhalt umgehend entfernen.<\/p>\n<p><span>Rechtstext von <\/span>Quelle: <a href=\"https:\/\/fairesrecht.at\/kostenlos-impressum-erstellen-generator.php\">Impressum Generator<\/a> in Kooperation mit <b><a href=\"https:\/\/rechtsanwaltwien.com\/scheidung\">Scheidung<\/a><\/b><\/p>\t\t\t\t<\/div>\n\t\t\t\t\t<\/div>\n\t\t\t\t<\/div>\n\t\t\t\t<\/div>","protected":false},"excerpt":{"rendered":"<p>Impressum Informationen und Offenlegung gem\u00e4\u00df &sect;5 (1) ECG, &sect; 25 MedienG, &sect; 63 GewO und &sect; 14 UGB Webseitenbetreiber: LA Life Art Royal GmbH Firmenbuchnummer: FN602558s Firmenbuchgericht: HG Liezen Anschrift: Fischerndorf 188\/1, 8992 Altaussee UID-Nr: ATU79311745 Gewerbeaufsichtbeh\u00f6rde: BH Liezen Mitgliedschaften: Kontaktdaten: Telefon: +43 660 221 44 52 Email: info@life-art.at Fax: Anwendbare Rechtsvorschrift: www.ris.bka.gv.at Berufsbezeichnung: Online [&hellip;]<\/p>","protected":false},"author":1,"featured_media":0,"parent":0,"menu_order":2,"comment_status":"closed","ping_status":"closed","template":"","meta":{"footnotes":""},"class_list":["post-205","page","type-page","status-publish","hentry"],"_links":{"self":[{"href":"https:\/\/villaverdi.at\/en\/wp-json\/wp\/v2\/pages\/205","targetHints":{"allow":["GET"]}}],"collection":[{"href":"https:\/\/villaverdi.at\/en\/wp-json\/wp\/v2\/pages"}],"about":[{"href":"https:\/\/villaverdi.at\/en\/wp-json\/wp\/v2\/types\/page"}],"author":[{"embeddable":true,"href":"https:\/\/villaverdi.at\/en\/wp-json\/wp\/v2\/users\/1"}],"replies":[{"embeddable":true,"href":"https:\/\/villaverdi.at\/en\/wp-json\/wp\/v2\/comments?post=205"}],"version-history":[{"count":0,"href":"https:\/\/villaverdi.at\/en\/wp-json\/wp\/v2\/pages\/205\/revisions"}],"wp:attachment":[{"href":"https:\/\/villaverdi.at\/en\/wp-json\/wp\/v2\/media?parent=205"}],"curies":[{"name":"wp","href":"https:\/\/api.w.org\/{rel}","templated":true}]}}